{"id":128,"date":"2017-09-14T23:47:36","date_gmt":"2017-09-15T02:47:36","guid":{"rendered":"https:\/\/cirugiahb.com.ar\/servicio\/?page_id=128"},"modified":"2020-03-21T11:42:42","modified_gmt":"2020-03-21T14:42:42","slug":"dr-santiago-de-salas","status":"publish","type":"page","link":"https:\/\/cirugiahb.com.ar\/servicio\/dr-santiago-de-salas\/","title":{"rendered":"Dr. Santiago de Salas"},"content":{"rendered":"<div  class=\"fusion-fullwidth fullwidth-box nonhundred-percent-fullwidth\"  style='background-color: rgba(255,255,255,0);background-position: center center;background-repeat: no-repeat;padding-top:0px;padding-right:0px;padding-bottom:0px;padding-left:0px;'><div class=\"fusion-builder-row fusion-row \"><div  class=\"fusion-layout-column fusion_builder_column fusion_builder_column_3_4  fusion-three-fourth fusion-column-first 3_4\"  style='margin-top:0px;margin-bottom:20px;width:75%;width:calc(75% - ( ( 4% ) * 0.75 ) );margin-right: 4%;'>\n\t\t\t\t\t<div class=\"fusion-column-wrapper\" style=\"background-position:left top;background-repeat:no-repeat;-webkit-background-size:cover;-moz-background-size:cover;-o-background-size:cover;background-size:cover;\"  data-bg-url=\"\">\n\t\t\t\t\t\t<p><strong>RESIDENCIA<\/strong><br \/>\nResidencia de cirug\u00eda general del Hospital Brit\u00e1nico. 1998-2002.<\/p>\n<p><strong>FELLOW<\/strong><br \/>\nFellowship en Flebolog\u00eda y Linfolog\u00eda Hospital Brit\u00e1nico de Bs As. 2002-2004.<br \/>\nEspecializaci\u00f3n en Flebolog\u00eda y Linfolog\u00eda. Universidad Cat\u00f3lica Argentina 2003-2004.<\/p>\n<p><strong>CARGOS HOSPITALARIOS<\/strong><br \/>\nCirujano de Planta. Sector Flebolinfolog\u00eda. Servicio de Cirug\u00eda General. Hospital Brit\u00e1nico de Bs As. 2003 &#8211; actualidad.<br \/>\nJefe de Quir\u00f3fanos. Hospital Brit\u00e1nico de Bs As. 2017 &#8211; actualidad<\/p>\n<p><strong>ANTECEDENTES DOCENTES<\/strong><br \/>\nDocente adscripto de Cirug\u00eda &#8211; UBA.<br \/>\nDocente adscripto de Cirug\u00eda II &#8211; Fac. de Ciencias M\u00e9dicas &#8211; UCA.<br \/>\nDocente adjunto de la C\u00e1tedra de Flebolog\u00eda y Linfolog\u00eda &#8211; UCA.<\/p>\n<p><strong>SOCIEDADES<\/strong><br \/>\nMAAC (Miembro de la Asoc. Argentina de Cirug\u00eda).<br \/>\nAAWC (Miembro Asociaci\u00f3n Americana para el Avance en el Cuidado de Heridas).<\/p>\n<p><strong>TRABAJOS CIENT\u00cdFICOS<\/strong><br \/>\nM\u00e1s 100 de trabajos cient\u00edficos presentados o publicados en medios nacionales e internacionales.<\/p>\n<p><strong>\u00c1rea de gesti\u00f3n dentro del Servicio<\/strong><br \/>\nEncargado de Docencia.<\/p>\n<p><strong>T\u00d3PICOS<\/strong><br \/>\nFlebolinfolog\u00eda.<br \/>\nCura avanzada de Heridas.<\/p>\n<div class=\"fusion-clearfix\"><\/div>\n\n\t\t\t\t\t<\/div>\n\t\t\t\t<\/div><div  class=\"fusion-layout-column fusion_builder_column fusion_builder_column_1_4  fusion-one-fourth fusion-column-last 1_4\"  style='margin-top:0px;margin-bottom:20px;width:25%;width:calc(25% - ( ( 4% ) * 0.25 ) );'>\n\t\t\t\t\t<div class=\"fusion-column-wrapper\" style=\"background-position:left top;background-repeat:no-repeat;-webkit-background-size:cover;-moz-background-size:cover;-o-background-size:cover;background-size:cover;\"  data-bg-url=\"\">\n\t\t\t\t\t\t<div class=\"fusion-gallery fusion-gallery-container fusion-grid-1 fusion-columns-total-1 fusion-gallery-layout-grid\" style=\"margin:-5px;\"><div style=\"padding:5px;\" class=\"fusion-grid-column fusion-gallery-column fusion-gallery-column-1 hover-type-none\"><div class=\"fusion-gallery-image\"><img loading=\"lazy\" decoding=\"async\" width=\"668\" height=\"1000\" src=\"https:\/\/cirugiahb.com.ar\/servicio\/wp-content\/uploads\/2020\/03\/desalas.jpg\" alt=\"\" title=\"\" aria-label=\"\" class=\"img-responsive wp-image-173\" srcset=\"https:\/\/cirugiahb.com.ar\/servicio\/wp-content\/uploads\/2020\/03\/desalas-200x299.jpg 200w, https:\/\/cirugiahb.com.ar\/servicio\/wp-content\/uploads\/2020\/03\/desalas-400x599.jpg 400w, https:\/\/cirugiahb.com.ar\/servicio\/wp-content\/uploads\/2020\/03\/desalas-600x898.jpg 600w, https:\/\/cirugiahb.com.ar\/servicio\/wp-content\/uploads\/2020\/03\/desalas.jpg 668w\" sizes=\"auto, (min-width: 2200px) 100vw, (min-width: 640px) 712px, \" \/><\/div><\/div><div class=\"clearfix\"><\/div><\/div><p><a href=\"https:\/\/www.linkedin.com\/in\/santiago-de-salas-25263429\/\"><img loading=\"lazy\" decoding=\"async\" class=\"aligncenter wp-image-42 size-full\" src=\"https:\/\/cirugiahb.com.ar\/servicio\/wp-content\/uploads\/2017\/09\/if_linkedin_294671.png\" alt=\"\" width=\"128\" height=\"128\" srcset=\"https:\/\/cirugiahb.com.ar\/servicio\/wp-content\/uploads\/2017\/09\/if_linkedin_294671-66x66.png 66w, https:\/\/cirugiahb.com.ar\/servicio\/wp-content\/uploads\/2017\/09\/if_linkedin_294671.png 128w\" sizes=\"auto, (max-width: 128px) 100vw, 128px\" \/><\/a><\/p>\n<div class=\"fusion-clearfix\"><\/div>\n\n\t\t\t\t\t<\/div>\n\t\t\t\t<\/div><\/div><\/div>\n","protected":false},"excerpt":{"rendered":"","protected":false},"author":1,"featured_media":0,"parent":0,"menu_order":0,"comment_status":"closed","ping_status":"closed","template":"","meta":{"footnotes":""},"class_list":["post-128","page","type-page","status-publish","hentry"],"_links":{"self":[{"href":"https:\/\/cirugiahb.com.ar\/servicio\/wp-json\/wp\/v2\/pages\/128","targetHints":{"allow":["GET"]}}],"collection":[{"href":"https:\/\/cirugiahb.com.ar\/servicio\/wp-json\/wp\/v2\/pages"}],"about":[{"href":"https:\/\/cirugiahb.com.ar\/servicio\/wp-json\/wp\/v2\/types\/page"}],"author":[{"embeddable":true,"href":"https:\/\/cirugiahb.com.ar\/servicio\/wp-json\/wp\/v2\/users\/1"}],"replies":[{"embeddable":true,"href":"https:\/\/cirugiahb.com.ar\/servicio\/wp-json\/wp\/v2\/comments?post=128"}],"version-history":[{"count":0,"href":"https:\/\/cirugiahb.com.ar\/servicio\/wp-json\/wp\/v2\/pages\/128\/revisions"}],"wp:attachment":[{"href":"https:\/\/cirugiahb.com.ar\/servicio\/wp-json\/wp\/v2\/media?parent=128"}],"curies":[{"name":"wp","href":"https:\/\/api.w.org\/{rel}","templated":true}]}}