{"id":126,"date":"2017-09-14T23:45:37","date_gmt":"2017-09-15T02:45:37","guid":{"rendered":"https:\/\/cirugiahb.com.ar\/servicio\/?page_id=126"},"modified":"2020-03-21T11:44:54","modified_gmt":"2020-03-21T14:44:54","slug":"dra-valeria-de-lassaletta","status":"publish","type":"page","link":"https:\/\/cirugiahb.com.ar\/servicio\/dra-valeria-de-lassaletta\/","title":{"rendered":"Dra. Valeria De Lassaletta"},"content":{"rendered":"<div  class=\"fusion-fullwidth fullwidth-box nonhundred-percent-fullwidth\"  style='background-color: rgba(255,255,255,0);background-position: center center;background-repeat: no-repeat;padding-top:0px;padding-right:0px;padding-bottom:0px;padding-left:0px;'><div class=\"fusion-builder-row fusion-row \"><div  class=\"fusion-layout-column fusion_builder_column fusion_builder_column_3_4  fusion-three-fourth fusion-column-first 3_4\"  style='margin-top:0px;margin-bottom:20px;width:75%;width:calc(75% - ( ( 4% ) * 0.75 ) );margin-right: 4%;'>\n\t\t\t\t\t<div class=\"fusion-column-wrapper\" style=\"background-position:left top;background-repeat:no-repeat;-webkit-background-size:cover;-moz-background-size:cover;-o-background-size:cover;background-size:cover;\"  data-bg-url=\"\">\n\t\t\t\t\t\t<p><strong>RESIDENCIA<br \/>\n<\/strong><\/p>\n<p><strong>FELLOW<\/strong><br \/>\nFellowship en Flebolog\u00eda y Linfolog\u00eda Hospital Brit\u00e1nico de Bs As. 2006-2008.<br \/>\nEspecializaci\u00f3n en Flebolog\u00eda y Linfolog\u00eda. Universidad Cat\u00f3lica Argentina 2007-2008.<\/p>\n<p><strong>CARGOS HOSPITALARIOS<\/strong><br \/>\nCirujana de Planta. Sector Flebolinfolog\u00eda. Servicio de Cirug\u00eda General. Hospital Brit\u00e1nico de Bs As. 2009 &#8211; actualidad.<\/p>\n<p><strong>ANTECEDENTES DOCENTES<\/strong><br \/>\nDocente adscripto de Cirug\u00eda &#8211; UBA.<br \/>\nDocente adscripto de Cirug\u00eda II &#8211; Fac. de Ciencias M\u00e9dicas &#8211; UCA.<\/p>\n<p><strong>SOCIEDADES<\/strong><br \/>\nMAAC (Miembro de la Asoc. Argentina de Cirug\u00eda).<\/p>\n<p><strong>TRABAJOS CIENT\u00cdFICOS<\/strong><br \/>\nM\u00e1s 20 de trabajos cient\u00edficos presentados o publicados en medios nacionales e internacionales.<\/p>\n<p><strong>\u00c1rea de gesti\u00f3n dentro del Servicio<\/strong><br \/>\nEncuestas de calidad.<\/p>\n<p><strong>T\u00d3PICOS<\/strong><br \/>\nFlebolinfolog\u00eda.<br \/>\nCura avanzada de Heridas.<\/p>\n<p>&nbsp;<\/p>\n<div class=\"fusion-clearfix\"><\/div>\n\n\t\t\t\t\t<\/div>\n\t\t\t\t<\/div><div  class=\"fusion-layout-column fusion_builder_column fusion_builder_column_1_4  fusion-one-fourth fusion-column-last 1_4\"  style='margin-top:0px;margin-bottom:20px;width:25%;width:calc(25% - ( ( 4% ) * 0.25 ) );'>\n\t\t\t\t\t<div class=\"fusion-column-wrapper\" style=\"background-position:left top;background-repeat:no-repeat;-webkit-background-size:cover;-moz-background-size:cover;-o-background-size:cover;background-size:cover;\"  data-bg-url=\"\">\n\t\t\t\t\t\t<div class=\"fusion-gallery fusion-gallery-container fusion-grid-1 fusion-columns-total-1 fusion-gallery-layout-grid\" style=\"margin:-5px;\"><div style=\"padding:5px;\" class=\"fusion-grid-column fusion-gallery-column fusion-gallery-column-1 hover-type-none\"><div class=\"fusion-gallery-image\"><img loading=\"lazy\" decoding=\"async\" width=\"804\" height=\"1000\" src=\"https:\/\/cirugiahb.com.ar\/servicio\/wp-content\/uploads\/2020\/03\/DeLassaletta.jpg\" alt=\"\" title=\"\" aria-label=\"\" class=\"img-responsive wp-image-172\" srcset=\"https:\/\/cirugiahb.com.ar\/servicio\/wp-content\/uploads\/2020\/03\/DeLassaletta-200x249.jpg 200w, https:\/\/cirugiahb.com.ar\/servicio\/wp-content\/uploads\/2020\/03\/DeLassaletta-400x498.jpg 400w, https:\/\/cirugiahb.com.ar\/servicio\/wp-content\/uploads\/2020\/03\/DeLassaletta-600x746.jpg 600w, https:\/\/cirugiahb.com.ar\/servicio\/wp-content\/uploads\/2020\/03\/DeLassaletta-800x995.jpg 800w, https:\/\/cirugiahb.com.ar\/servicio\/wp-content\/uploads\/2020\/03\/DeLassaletta.jpg 804w\" sizes=\"auto, (min-width: 2200px) 100vw, (min-width: 640px) 712px, \" \/><\/div><\/div><div class=\"clearfix\"><\/div><\/div><p><a href=\"https:\/\/www.linkedin.com\/in\/valeria-de-lassaletta-963b4b81\/\"><img loading=\"lazy\" decoding=\"async\" class=\"aligncenter wp-image-42 size-full\" src=\"https:\/\/cirugiahb.com.ar\/servicio\/wp-content\/uploads\/2017\/09\/if_linkedin_294671.png\" alt=\"\" width=\"128\" height=\"128\" srcset=\"https:\/\/cirugiahb.com.ar\/servicio\/wp-content\/uploads\/2017\/09\/if_linkedin_294671-66x66.png 66w, https:\/\/cirugiahb.com.ar\/servicio\/wp-content\/uploads\/2017\/09\/if_linkedin_294671.png 128w\" sizes=\"auto, (max-width: 128px) 100vw, 128px\" \/><\/a><\/p>\n<div class=\"fusion-clearfix\"><\/div>\n\n\t\t\t\t\t<\/div>\n\t\t\t\t<\/div><\/div><\/div>\n","protected":false},"excerpt":{"rendered":"","protected":false},"author":1,"featured_media":0,"parent":0,"menu_order":0,"comment_status":"closed","ping_status":"closed","template":"","meta":{"footnotes":""},"class_list":["post-126","page","type-page","status-publish","hentry"],"_links":{"self":[{"href":"https:\/\/cirugiahb.com.ar\/servicio\/wp-json\/wp\/v2\/pages\/126","targetHints":{"allow":["GET"]}}],"collection":[{"href":"https:\/\/cirugiahb.com.ar\/servicio\/wp-json\/wp\/v2\/pages"}],"about":[{"href":"https:\/\/cirugiahb.com.ar\/servicio\/wp-json\/wp\/v2\/types\/page"}],"author":[{"embeddable":true,"href":"https:\/\/cirugiahb.com.ar\/servicio\/wp-json\/wp\/v2\/users\/1"}],"replies":[{"embeddable":true,"href":"https:\/\/cirugiahb.com.ar\/servicio\/wp-json\/wp\/v2\/comments?post=126"}],"version-history":[{"count":0,"href":"https:\/\/cirugiahb.com.ar\/servicio\/wp-json\/wp\/v2\/pages\/126\/revisions"}],"wp:attachment":[{"href":"https:\/\/cirugiahb.com.ar\/servicio\/wp-json\/wp\/v2\/media?parent=126"}],"curies":[{"name":"wp","href":"https:\/\/api.w.org\/{rel}","templated":true}]}}